{"id":890,"date":"2023-03-29T12:23:35","date_gmt":"2023-03-29T11:23:35","guid":{"rendered":"https:\/\/airconnect.wirquin.com\/?page_id=890"},"modified":"2026-03-06T09:26:24","modified_gmt":"2026-03-06T09:26:24","slug":"homepage","status":"publish","type":"page","link":"https:\/\/airconnect.wirquin.com\/pl\/","title":{"rendered":"Homepage"},"content":{"rendered":"","protected":false},"excerpt":{"rendered":"","protected":false},"author":1,"featured_media":0,"parent":0,"menu_order":0,"comment_status":"closed","ping_status":"closed","template":"","meta":{"_acf_changed":false,"footnotes":""},"class_list":["post-890","page","type-page","status-publish","hentry"],"acf":[],"yoast_head":"<!-- This site is optimized with the Yoast SEO plugin v26.7 - https:\/\/yoast.com\/wordpress\/plugins\/seo\/ -->\n<title>AIRCONNECT\u00ae - Wirquin<\/title>\n<meta name=\"description\" content=\"Wirquin oferuje z\u0142\u0105cze2-IN-1 do miski toaletowej z wbudowanym zaworem napowietrzaj\u0105cym, kt\u00f3ry odprowadza i wentyluje rury, zapobiegaj\u0105c zapachom odp\u0142ywowym.\" \/>\n<meta name=\"robots\" content=\"index, follow, max-snippet:-1, max-image-preview:large, max-video-preview:-1\" \/>\n<link rel=\"canonical\" href=\"https:\/\/airconnect.wirquin.com\/pl\/\" \/>\n<meta property=\"og:locale\" content=\"pl_PL\" \/>\n<meta property=\"og:type\" content=\"article\" \/>\n<meta property=\"og:title\" content=\"AIRCONNECT\u00ae - Wirquin\" \/>\n<meta property=\"og:description\" content=\"Wirquin oferuje z\u0142\u0105cze2-IN-1 do miski toaletowej z wbudowanym zaworem napowietrzaj\u0105cym, kt\u00f3ry odprowadza i wentyluje rury, zapobiegaj\u0105c zapachom odp\u0142ywowym.\" \/>\n<meta property=\"og:url\" content=\"https:\/\/airconnect.wirquin.com\/pl\/\" \/>\n<meta property=\"og:site_name\" content=\"Wirquin\" \/>\n<meta property=\"article:modified_time\" content=\"2026-03-06T09:26:24+00:00\" \/>\n<meta name=\"twitter:card\" content=\"summary_large_image\" \/>\n<meta name=\"twitter:label1\" content=\"Szacowany czas czytania\" \/>\n\t<meta name=\"twitter:data1\" content=\"7 minut\" \/>\n<script type=\"application\/ld+json\" class=\"yoast-schema-graph\">{\"@context\":\"https:\/\/schema.org\",\"@graph\":[{\"@type\":\"WebPage\",\"@id\":\"https:\/\/airconnect.wirquin.com\/pl\/\",\"url\":\"https:\/\/airconnect.wirquin.com\/pl\/\",\"name\":\"AIRCONNECT\u00ae - Wirquin\",\"isPartOf\":{\"@id\":\"https:\/\/airconnect.wirquin.com\/pl\/#website\"},\"datePublished\":\"2023-03-29T11:23:35+00:00\",\"dateModified\":\"2026-03-06T09:26:24+00:00\",\"description\":\"Wirquin oferuje z\u0142\u0105cze2-IN-1 do miski toaletowej z wbudowanym zaworem napowietrzaj\u0105cym, kt\u00f3ry odprowadza i wentyluje rury, zapobiegaj\u0105c zapachom odp\u0142ywowym.\",\"breadcrumb\":{\"@id\":\"https:\/\/airconnect.wirquin.com\/pl\/#breadcrumb\"},\"inLanguage\":\"pl-PL\",\"potentialAction\":[{\"@type\":\"ReadAction\",\"target\":[\"https:\/\/airconnect.wirquin.com\/pl\/\"]}]},{\"@type\":\"BreadcrumbList\",\"@id\":\"https:\/\/airconnect.wirquin.com\/pl\/#breadcrumb\",\"itemListElement\":[{\"@type\":\"ListItem\",\"position\":1,\"name\":\"Home\",\"item\":\"https:\/\/airconnect.wirquin.com\/pl\/\"},{\"@type\":\"ListItem\",\"position\":2,\"name\":\"Homepage\"}]},{\"@type\":\"WebSite\",\"@id\":\"https:\/\/airconnect.wirquin.com\/pl\/#website\",\"url\":\"https:\/\/airconnect.wirquin.com\/pl\/\",\"name\":\"Wirquin\",\"description\":\"\",\"publisher\":{\"@id\":\"https:\/\/airconnect.wirquin.com\/pl\/#organization\"},\"potentialAction\":[{\"@type\":\"SearchAction\",\"target\":{\"@type\":\"EntryPoint\",\"urlTemplate\":\"https:\/\/airconnect.wirquin.com\/pl\/?s={search_term_string}\"},\"query-input\":{\"@type\":\"PropertyValueSpecification\",\"valueRequired\":true,\"valueName\":\"search_term_string\"}}],\"inLanguage\":\"pl-PL\"},{\"@type\":\"Organization\",\"@id\":\"https:\/\/airconnect.wirquin.com\/pl\/#organization\",\"name\":\"Wirquin\",\"url\":\"https:\/\/airconnect.wirquin.com\/pl\/\",\"logo\":{\"@type\":\"ImageObject\",\"inLanguage\":\"pl-PL\",\"@id\":\"https:\/\/airconnect.wirquin.com\/pl\/#\/schema\/logo\/image\/\",\"url\":\"https:\/\/airconnect.wirquin.com\/wp-content\/uploads\/2026\/01\/wirquin-logo-large.png\",\"contentUrl\":\"https:\/\/airconnect.wirquin.com\/wp-content\/uploads\/2026\/01\/wirquin-logo-large.png\",\"width\":543,\"height\":149,\"caption\":\"Wirquin\"},\"image\":{\"@id\":\"https:\/\/airconnect.wirquin.com\/pl\/#\/schema\/logo\/image\/\"}}]}<\/script>\n<!-- \/ Yoast SEO plugin. -->","yoast_head_json":{"title":"AIRCONNECT\u00ae - Wirquin","description":"Wirquin oferuje z\u0142\u0105cze2-IN-1 do miski toaletowej z wbudowanym zaworem napowietrzaj\u0105cym, kt\u00f3ry odprowadza i wentyluje rury, zapobiegaj\u0105c zapachom odp\u0142ywowym.","robots":{"index":"index","follow":"follow","max-snippet":"max-snippet:-1","max-image-preview":"max-image-preview:large","max-video-preview":"max-video-preview:-1"},"canonical":"https:\/\/airconnect.wirquin.com\/pl\/","og_locale":"pl_PL","og_type":"article","og_title":"AIRCONNECT\u00ae - Wirquin","og_description":"Wirquin oferuje z\u0142\u0105cze2-IN-1 do miski toaletowej z wbudowanym zaworem napowietrzaj\u0105cym, kt\u00f3ry odprowadza i wentyluje rury, zapobiegaj\u0105c zapachom odp\u0142ywowym.","og_url":"https:\/\/airconnect.wirquin.com\/pl\/","og_site_name":"Wirquin","article_modified_time":"2026-03-06T09:26:24+00:00","twitter_card":"summary_large_image","twitter_misc":{"Szacowany czas czytania":"7 minut"},"schema":{"@context":"https:\/\/schema.org","@graph":[{"@type":"WebPage","@id":"https:\/\/airconnect.wirquin.com\/pl\/","url":"https:\/\/airconnect.wirquin.com\/pl\/","name":"AIRCONNECT\u00ae - Wirquin","isPartOf":{"@id":"https:\/\/airconnect.wirquin.com\/pl\/#website"},"datePublished":"2023-03-29T11:23:35+00:00","dateModified":"2026-03-06T09:26:24+00:00","description":"Wirquin oferuje z\u0142\u0105cze2-IN-1 do miski toaletowej z wbudowanym zaworem napowietrzaj\u0105cym, kt\u00f3ry odprowadza i wentyluje rury, zapobiegaj\u0105c zapachom odp\u0142ywowym.","breadcrumb":{"@id":"https:\/\/airconnect.wirquin.com\/pl\/#breadcrumb"},"inLanguage":"pl-PL","potentialAction":[{"@type":"ReadAction","target":["https:\/\/airconnect.wirquin.com\/pl\/"]}]},{"@type":"BreadcrumbList","@id":"https:\/\/airconnect.wirquin.com\/pl\/#breadcrumb","itemListElement":[{"@type":"ListItem","position":1,"name":"Home","item":"https:\/\/airconnect.wirquin.com\/pl\/"},{"@type":"ListItem","position":2,"name":"Homepage"}]},{"@type":"WebSite","@id":"https:\/\/airconnect.wirquin.com\/pl\/#website","url":"https:\/\/airconnect.wirquin.com\/pl\/","name":"Wirquin","description":"","publisher":{"@id":"https:\/\/airconnect.wirquin.com\/pl\/#organization"},"potentialAction":[{"@type":"SearchAction","target":{"@type":"EntryPoint","urlTemplate":"https:\/\/airconnect.wirquin.com\/pl\/?s={search_term_string}"},"query-input":{"@type":"PropertyValueSpecification","valueRequired":true,"valueName":"search_term_string"}}],"inLanguage":"pl-PL"},{"@type":"Organization","@id":"https:\/\/airconnect.wirquin.com\/pl\/#organization","name":"Wirquin","url":"https:\/\/airconnect.wirquin.com\/pl\/","logo":{"@type":"ImageObject","inLanguage":"pl-PL","@id":"https:\/\/airconnect.wirquin.com\/pl\/#\/schema\/logo\/image\/","url":"https:\/\/airconnect.wirquin.com\/wp-content\/uploads\/2026\/01\/wirquin-logo-large.png","contentUrl":"https:\/\/airconnect.wirquin.com\/wp-content\/uploads\/2026\/01\/wirquin-logo-large.png","width":543,"height":149,"caption":"Wirquin"},"image":{"@id":"https:\/\/airconnect.wirquin.com\/pl\/#\/schema\/logo\/image\/"}}]}},"_links":{"self":[{"href":"https:\/\/airconnect.wirquin.com\/pl\/wp-json\/wp\/v2\/pages\/890","targetHints":{"allow":["GET"]}}],"collection":[{"href":"https:\/\/airconnect.wirquin.com\/pl\/wp-json\/wp\/v2\/pages"}],"about":[{"href":"https:\/\/airconnect.wirquin.com\/pl\/wp-json\/wp\/v2\/types\/page"}],"author":[{"embeddable":true,"href":"https:\/\/airconnect.wirquin.com\/pl\/wp-json\/wp\/v2\/users\/1"}],"replies":[{"embeddable":true,"href":"https:\/\/airconnect.wirquin.com\/pl\/wp-json\/wp\/v2\/comments?post=890"}],"version-history":[{"count":9,"href":"https:\/\/airconnect.wirquin.com\/pl\/wp-json\/wp\/v2\/pages\/890\/revisions"}],"predecessor-version":[{"id":1235,"href":"https:\/\/airconnect.wirquin.com\/pl\/wp-json\/wp\/v2\/pages\/890\/revisions\/1235"}],"wp:attachment":[{"href":"https:\/\/airconnect.wirquin.com\/pl\/wp-json\/wp\/v2\/media?parent=890"}],"curies":[{"name":"wp","href":"https:\/\/api.w.org\/{rel}","templated":true}]}}