{"id":956,"date":"2023-03-29T12:23:35","date_gmt":"2023-03-29T11:23:35","guid":{"rendered":"https:\/\/airconnect.wirquin.com\/?page_id=956"},"modified":"2026-03-03T14:54:20","modified_gmt":"2026-03-03T14:54:20","slug":"homepage","status":"publish","type":"page","link":"https:\/\/airconnect.wirquin.com\/ro\/","title":{"rendered":"Homepage"},"content":{"rendered":"","protected":false},"excerpt":{"rendered":"","protected":false},"author":1,"featured_media":0,"parent":0,"menu_order":0,"comment_status":"closed","ping_status":"closed","template":"","meta":{"_acf_changed":false,"footnotes":""},"class_list":["post-956","page","type-page","status-publish","hentry"],"acf":[],"yoast_head":"<!-- This site is optimized with the Yoast SEO plugin v26.7 - https:\/\/yoast.com\/wordpress\/plugins\/seo\/ -->\n<title>AIRCONNECT\u00ae - Wirquin<\/title>\n<meta name=\"description\" content=\"Wirquin prezint\u0103 racordul2-\u00een-1 pentru cu o supap\u0103 integrat\u0103 de admisie a aerului care gole\u0219te \u0219i ventileaz\u0103 \u021bevile, prevenind mirosurile nepl\u0103cute din canalizare.\" \/>\n<meta name=\"robots\" content=\"index, follow, max-snippet:-1, max-image-preview:large, max-video-preview:-1\" \/>\n<link rel=\"canonical\" href=\"https:\/\/airconnect.wirquin.com\/ro\/\" \/>\n<meta property=\"og:locale\" content=\"ro_RO\" \/>\n<meta property=\"og:type\" content=\"article\" \/>\n<meta property=\"og:title\" content=\"AIRCONNECT\u00ae - Wirquin\" \/>\n<meta property=\"og:description\" content=\"Wirquin prezint\u0103 racordul2-\u00een-1 pentru cu o supap\u0103 integrat\u0103 de admisie a aerului care gole\u0219te \u0219i ventileaz\u0103 \u021bevile, prevenind mirosurile nepl\u0103cute din canalizare.\" \/>\n<meta property=\"og:url\" content=\"https:\/\/airconnect.wirquin.com\/ro\/\" \/>\n<meta property=\"og:site_name\" content=\"Wirquin\" \/>\n<meta property=\"article:modified_time\" content=\"2026-03-03T14:54:20+00:00\" \/>\n<meta name=\"twitter:card\" content=\"summary_large_image\" \/>\n<meta name=\"twitter:label1\" content=\"Timp estimat pentru citire\" \/>\n\t<meta name=\"twitter:data1\" content=\"8 minute\" \/>\n<script type=\"application\/ld+json\" class=\"yoast-schema-graph\">{\"@context\":\"https:\/\/schema.org\",\"@graph\":[{\"@type\":\"WebPage\",\"@id\":\"https:\/\/airconnect.wirquin.com\/ro\/\",\"url\":\"https:\/\/airconnect.wirquin.com\/ro\/\",\"name\":\"AIRCONNECT\u00ae - Wirquin\",\"isPartOf\":{\"@id\":\"https:\/\/airconnect.wirquin.com\/ro\/#website\"},\"datePublished\":\"2023-03-29T11:23:35+00:00\",\"dateModified\":\"2026-03-03T14:54:20+00:00\",\"description\":\"Wirquin prezint\u0103 racordul2-\u00een-1 pentru cu o supap\u0103 integrat\u0103 de admisie a aerului care gole\u0219te \u0219i ventileaz\u0103 \u021bevile, prevenind mirosurile nepl\u0103cute din canalizare.\",\"breadcrumb\":{\"@id\":\"https:\/\/airconnect.wirquin.com\/ro\/#breadcrumb\"},\"inLanguage\":\"ro-RO\",\"potentialAction\":[{\"@type\":\"ReadAction\",\"target\":[\"https:\/\/airconnect.wirquin.com\/ro\/\"]}]},{\"@type\":\"BreadcrumbList\",\"@id\":\"https:\/\/airconnect.wirquin.com\/ro\/#breadcrumb\",\"itemListElement\":[{\"@type\":\"ListItem\",\"position\":1,\"name\":\"Home\",\"item\":\"https:\/\/airconnect.wirquin.com\/ro\/\"},{\"@type\":\"ListItem\",\"position\":2,\"name\":\"Homepage\"}]},{\"@type\":\"WebSite\",\"@id\":\"https:\/\/airconnect.wirquin.com\/ro\/#website\",\"url\":\"https:\/\/airconnect.wirquin.com\/ro\/\",\"name\":\"Wirquin\",\"description\":\"\",\"publisher\":{\"@id\":\"https:\/\/airconnect.wirquin.com\/ro\/#organization\"},\"potentialAction\":[{\"@type\":\"SearchAction\",\"target\":{\"@type\":\"EntryPoint\",\"urlTemplate\":\"https:\/\/airconnect.wirquin.com\/ro\/?s={search_term_string}\"},\"query-input\":{\"@type\":\"PropertyValueSpecification\",\"valueRequired\":true,\"valueName\":\"search_term_string\"}}],\"inLanguage\":\"ro-RO\"},{\"@type\":\"Organization\",\"@id\":\"https:\/\/airconnect.wirquin.com\/ro\/#organization\",\"name\":\"Wirquin\",\"url\":\"https:\/\/airconnect.wirquin.com\/ro\/\",\"logo\":{\"@type\":\"ImageObject\",\"inLanguage\":\"ro-RO\",\"@id\":\"https:\/\/airconnect.wirquin.com\/ro\/#\/schema\/logo\/image\/\",\"url\":\"https:\/\/airconnect.wirquin.com\/wp-content\/uploads\/2026\/01\/wirquin-logo-large.png\",\"contentUrl\":\"https:\/\/airconnect.wirquin.com\/wp-content\/uploads\/2026\/01\/wirquin-logo-large.png\",\"width\":543,\"height\":149,\"caption\":\"Wirquin\"},\"image\":{\"@id\":\"https:\/\/airconnect.wirquin.com\/ro\/#\/schema\/logo\/image\/\"}}]}<\/script>\n<!-- \/ Yoast SEO plugin. -->","yoast_head_json":{"title":"AIRCONNECT\u00ae - Wirquin","description":"Wirquin prezint\u0103 racordul2-\u00een-1 pentru cu o supap\u0103 integrat\u0103 de admisie a aerului care gole\u0219te \u0219i ventileaz\u0103 \u021bevile, prevenind mirosurile nepl\u0103cute din canalizare.","robots":{"index":"index","follow":"follow","max-snippet":"max-snippet:-1","max-image-preview":"max-image-preview:large","max-video-preview":"max-video-preview:-1"},"canonical":"https:\/\/airconnect.wirquin.com\/ro\/","og_locale":"ro_RO","og_type":"article","og_title":"AIRCONNECT\u00ae - Wirquin","og_description":"Wirquin prezint\u0103 racordul2-\u00een-1 pentru cu o supap\u0103 integrat\u0103 de admisie a aerului care gole\u0219te \u0219i ventileaz\u0103 \u021bevile, prevenind mirosurile nepl\u0103cute din canalizare.","og_url":"https:\/\/airconnect.wirquin.com\/ro\/","og_site_name":"Wirquin","article_modified_time":"2026-03-03T14:54:20+00:00","twitter_card":"summary_large_image","twitter_misc":{"Timp estimat pentru citire":"8 minute"},"schema":{"@context":"https:\/\/schema.org","@graph":[{"@type":"WebPage","@id":"https:\/\/airconnect.wirquin.com\/ro\/","url":"https:\/\/airconnect.wirquin.com\/ro\/","name":"AIRCONNECT\u00ae - Wirquin","isPartOf":{"@id":"https:\/\/airconnect.wirquin.com\/ro\/#website"},"datePublished":"2023-03-29T11:23:35+00:00","dateModified":"2026-03-03T14:54:20+00:00","description":"Wirquin prezint\u0103 racordul2-\u00een-1 pentru cu o supap\u0103 integrat\u0103 de admisie a aerului care gole\u0219te \u0219i ventileaz\u0103 \u021bevile, prevenind mirosurile nepl\u0103cute din canalizare.","breadcrumb":{"@id":"https:\/\/airconnect.wirquin.com\/ro\/#breadcrumb"},"inLanguage":"ro-RO","potentialAction":[{"@type":"ReadAction","target":["https:\/\/airconnect.wirquin.com\/ro\/"]}]},{"@type":"BreadcrumbList","@id":"https:\/\/airconnect.wirquin.com\/ro\/#breadcrumb","itemListElement":[{"@type":"ListItem","position":1,"name":"Home","item":"https:\/\/airconnect.wirquin.com\/ro\/"},{"@type":"ListItem","position":2,"name":"Homepage"}]},{"@type":"WebSite","@id":"https:\/\/airconnect.wirquin.com\/ro\/#website","url":"https:\/\/airconnect.wirquin.com\/ro\/","name":"Wirquin","description":"","publisher":{"@id":"https:\/\/airconnect.wirquin.com\/ro\/#organization"},"potentialAction":[{"@type":"SearchAction","target":{"@type":"EntryPoint","urlTemplate":"https:\/\/airconnect.wirquin.com\/ro\/?s={search_term_string}"},"query-input":{"@type":"PropertyValueSpecification","valueRequired":true,"valueName":"search_term_string"}}],"inLanguage":"ro-RO"},{"@type":"Organization","@id":"https:\/\/airconnect.wirquin.com\/ro\/#organization","name":"Wirquin","url":"https:\/\/airconnect.wirquin.com\/ro\/","logo":{"@type":"ImageObject","inLanguage":"ro-RO","@id":"https:\/\/airconnect.wirquin.com\/ro\/#\/schema\/logo\/image\/","url":"https:\/\/airconnect.wirquin.com\/wp-content\/uploads\/2026\/01\/wirquin-logo-large.png","contentUrl":"https:\/\/airconnect.wirquin.com\/wp-content\/uploads\/2026\/01\/wirquin-logo-large.png","width":543,"height":149,"caption":"Wirquin"},"image":{"@id":"https:\/\/airconnect.wirquin.com\/ro\/#\/schema\/logo\/image\/"}}]}},"_links":{"self":[{"href":"https:\/\/airconnect.wirquin.com\/ro\/wp-json\/wp\/v2\/pages\/956","targetHints":{"allow":["GET"]}}],"collection":[{"href":"https:\/\/airconnect.wirquin.com\/ro\/wp-json\/wp\/v2\/pages"}],"about":[{"href":"https:\/\/airconnect.wirquin.com\/ro\/wp-json\/wp\/v2\/types\/page"}],"author":[{"embeddable":true,"href":"https:\/\/airconnect.wirquin.com\/ro\/wp-json\/wp\/v2\/users\/1"}],"replies":[{"embeddable":true,"href":"https:\/\/airconnect.wirquin.com\/ro\/wp-json\/wp\/v2\/comments?post=956"}],"version-history":[{"count":11,"href":"https:\/\/airconnect.wirquin.com\/ro\/wp-json\/wp\/v2\/pages\/956\/revisions"}],"predecessor-version":[{"id":1234,"href":"https:\/\/airconnect.wirquin.com\/ro\/wp-json\/wp\/v2\/pages\/956\/revisions\/1234"}],"wp:attachment":[{"href":"https:\/\/airconnect.wirquin.com\/ro\/wp-json\/wp\/v2\/media?parent=956"}],"curies":[{"name":"wp","href":"https:\/\/api.w.org\/{rel}","templated":true}]}}